{"id":332,"date":"2025-01-16T17:37:55","date_gmt":"2025-01-16T17:37:55","guid":{"rendered":"https:\/\/humideco.at\/?page_id=332"},"modified":"2025-01-16T18:31:57","modified_gmt":"2025-01-16T18:31:57","slug":"heizquellenbeschichtung","status":"publish","type":"page","link":"https:\/\/humideco.at\/?page_id=332","title":{"rendered":"Xpectra die Transparente w\u00e4rmereflektierende Lasur f\u00fcr W\u00e4nde"},"content":{"rendered":"\n<h2 class=\"wp-block-heading\">Die Zukunft der effizienten Energienutzung in Geb\u00e4uden<\/h2>\n\n\n\n<figure class=\"wp-block-image\"><img decoding=\"async\" src=\"https:\/\/www.heiq.com\/wp-content\/uploads\/2025\/01\/HeiQ-Xpectra_Logo_Blue.png\" alt=\"\" title=\"HeiQ Xpectra_Logo_Blau\"\/><\/figure>\n\n\n\n<p>HeiQ Xpectra stellt einen <strong>revolution\u00e4ren Schritt in der Energieeffizienz von Geb\u00e4uden<\/strong> dar. Diese hochmoderne <strong>Beschichtungstechnologie<\/strong> bietet der Bauindustrie unvergleichliche Vorteile.<\/p>\n\n\n\n<p>Unser Ziel ist es, durch eine kosteneffiziente, einfache Wandbeschichtung eine hervorragende D\u00e4mmwirkung zu erzielen. Dies wird es Hunderttausenden von H\u00e4usern erm\u00f6glichen, einen <strong>reduzierten Energieverbrauch<\/strong> zu erreichen, der die strengen Anforderungen der EU-Richtlinie \u00fcber die Gesamtenergieeffizienz von Geb\u00e4uden erf\u00fcllt und dazu beitr\u00e4gt, dass Geb\u00e4ude in der EU bis 2050 klimaneutral werden.<\/p>\n\n\n\n<p>Neben Wandbeschichtungen kann HeiQ Xpectra auch f\u00fcr <strong>transparente Heizungen<\/strong>, <strong>Signaturmanagement<\/strong>, <strong>gedruckte Elektronik<\/strong> und mehr verwendet werden. HeiQ Xpectra wird zahlreiche Branchen ver\u00e4ndern.<\/p>\n\n\n\n<p>https:\/\/youtube.com\/watch?v=sf3CD7Rrj3Y%3Fsi%3DhSaTQNy7Vcz3Mg1Z%26enablejsapi%3D1%26origin%3Dhttps%253A%252F%252Fwww.heiq.ch<\/p>\n\n\n\n<p>Unsere transparente, w\u00e4rmereflektierende Spr\u00fchanwendung verbessert die U-Werte von W\u00e4nden mit nur einer Anwendung um bis zu 25%.<\/p>\n\n\n\n<h4 class=\"wp-block-heading\"> HeiQ Xpectra \u2013 Transparente w\u00e4rmereflektierende Lasur f\u00fcr W\u00e4nde<\/h4>\n\n\n\n<p>Lesen Sie unsere <a href=\"https:\/\/www.heiq.com\/news\/heiq-unveils-transparent-heat-reflecting-coating-heiq-xpectra-at-bau-2025\/\" target=\"_blank\" rel=\"noreferrer noopener\">Pressemitteilung \u201eHeiQ stellt auf der BAU 2025 die transparente w\u00e4rmereflektierende Lasur HeiQ Xpectra vor\u201c<\/a>.<\/p>\n\n\n\n<ul class=\"wp-block-list\">\n<li>Verbessert den U-Wert der W\u00e4nde um bis zu 25 %.<\/li>\n\n\n\n<li>Niedriger Emissionsgrad von \u03b5 = 0,26<\/li>\n\n\n\n<li>Bis zu 74 % Reflexion der W\u00e4rmestrahlung<\/li>\n\n\n\n<li>Hohe Wasserdampfdurchl\u00e4ssigkeit sd &lt; 0,01 m<\/li>\n\n\n\n<li>Minimaler Materialverbrauch 90 g\/m\u00b2<\/li>\n<\/ul>\n","protected":false},"excerpt":{"rendered":"<p>Die Zukunft der effizienten Energienutzung in Geb\u00e4uden HeiQ Xpectra stellt einen revolution\u00e4ren Schritt in der Energieeffizienz von Geb\u00e4uden dar. Diese hochmoderne Beschichtungstechnologie bietet der Bauindustrie unvergleichliche Vorteile. Unser Ziel ist es, durch eine kosteneffiziente, einfache Wandbeschichtung eine hervorragende D\u00e4mmwirkung zu erzielen. Dies wird es Hunderttausenden von H\u00e4usern erm\u00f6glichen, einen reduzierten Energieverbrauch zu erreichen, der die &#8230; <a title=\"Xpectra die Transparente w\u00e4rmereflektierende Lasur f\u00fcr W\u00e4nde\" class=\"read-more\" href=\"https:\/\/humideco.at\/?page_id=332\" aria-label=\"Read more about Xpectra die Transparente w\u00e4rmereflektierende Lasur f\u00fcr W\u00e4nde\">Read more<\/a><\/p>\n","protected":false},"author":1,"featured_media":331,"parent":0,"menu_order":0,"comment_status":"closed","ping_status":"closed","template":"","meta":{"footnotes":""},"class_list":["post-332","page","type-page","status-publish","has-post-thumbnail"],"_links":{"self":[{"href":"https:\/\/humideco.at\/index.php?rest_route=\/wp\/v2\/pages\/332","targetHints":{"allow":["GET"]}}],"collection":[{"href":"https:\/\/humideco.at\/index.php?rest_route=\/wp\/v2\/pages"}],"about":[{"href":"https:\/\/humideco.at\/index.php?rest_route=\/wp\/v2\/types\/page"}],"author":[{"embeddable":true,"href":"https:\/\/humideco.at\/index.php?rest_route=\/wp\/v2\/users\/1"}],"replies":[{"embeddable":true,"href":"https:\/\/humideco.at\/index.php?rest_route=%2Fwp%2Fv2%2Fcomments&post=332"}],"version-history":[{"count":6,"href":"https:\/\/humideco.at\/index.php?rest_route=\/wp\/v2\/pages\/332\/revisions"}],"predecessor-version":[{"id":353,"href":"https:\/\/humideco.at\/index.php?rest_route=\/wp\/v2\/pages\/332\/revisions\/353"}],"wp:featuredmedia":[{"embeddable":true,"href":"https:\/\/humideco.at\/index.php?rest_route=\/wp\/v2\/media\/331"}],"wp:attachment":[{"href":"https:\/\/humideco.at\/index.php?rest_route=%2Fwp%2Fv2%2Fmedia&parent=332"}],"curies":[{"name":"wp","href":"https:\/\/api.w.org\/{rel}","templated":true}]}}