{"id":239,"date":"2024-12-25T18:20:52","date_gmt":"2024-12-25T18:20:52","guid":{"rendered":"https:\/\/humideco.at\/?page_id=239"},"modified":"2024-12-26T18:19:28","modified_gmt":"2024-12-26T18:19:28","slug":"partnerunternehmen-fur-samtliche-bauliche-masnahmen","status":"publish","type":"page","link":"https:\/\/humideco.at\/?page_id=239","title":{"rendered":"Partnerunternehmen f\u00fcr s\u00e4mtliche bauliche Ma\u00dfnahmen."},"content":{"rendered":"\n<figure class=\"wp-block-image size-large\"><img loading=\"lazy\" decoding=\"async\" width=\"544\" height=\"1024\" src=\"https:\/\/humideco.at\/wp-content\/uploads\/2024\/12\/PHOTO-2024-12-21-15-59-46-3-544x1024.jpg\" alt=\"Partnerunternehmen f\u00fcr Injektionen \nBetonbeschichtung Parkgaragen sanierung Kunstharzgaragenbel\u00e4ge\n\" class=\"wp-image-245\" srcset=\"https:\/\/humideco.at\/wp-content\/uploads\/2024\/12\/PHOTO-2024-12-21-15-59-46-3-544x1024.jpg 544w, https:\/\/humideco.at\/wp-content\/uploads\/2024\/12\/PHOTO-2024-12-21-15-59-46-3-159x300.jpg 159w, https:\/\/humideco.at\/wp-content\/uploads\/2024\/12\/PHOTO-2024-12-21-15-59-46-3.jpg 642w\" sizes=\"auto, (max-width: 544px) 100vw, 544px\" \/><\/figure>\n","protected":false},"excerpt":{"rendered":"","protected":false},"author":1,"featured_media":245,"parent":0,"menu_order":0,"comment_status":"closed","ping_status":"closed","template":"","meta":{"footnotes":""},"class_list":["post-239","page","type-page","status-publish","has-post-thumbnail"],"_links":{"self":[{"href":"https:\/\/humideco.at\/index.php?rest_route=\/wp\/v2\/pages\/239","targetHints":{"allow":["GET"]}}],"collection":[{"href":"https:\/\/humideco.at\/index.php?rest_route=\/wp\/v2\/pages"}],"about":[{"href":"https:\/\/humideco.at\/index.php?rest_route=\/wp\/v2\/types\/page"}],"author":[{"embeddable":true,"href":"https:\/\/humideco.at\/index.php?rest_route=\/wp\/v2\/users\/1"}],"replies":[{"embeddable":true,"href":"https:\/\/humideco.at\/index.php?rest_route=%2Fwp%2Fv2%2Fcomments&post=239"}],"version-history":[{"count":3,"href":"https:\/\/humideco.at\/index.php?rest_route=\/wp\/v2\/pages\/239\/revisions"}],"predecessor-version":[{"id":248,"href":"https:\/\/humideco.at\/index.php?rest_route=\/wp\/v2\/pages\/239\/revisions\/248"}],"wp:featuredmedia":[{"embeddable":true,"href":"https:\/\/humideco.at\/index.php?rest_route=\/wp\/v2\/media\/245"}],"wp:attachment":[{"href":"https:\/\/humideco.at\/index.php?rest_route=%2Fwp%2Fv2%2Fmedia&parent=239"}],"curies":[{"name":"wp","href":"https:\/\/api.w.org\/{rel}","templated":true}]}}